{"id":153,"date":"2019-10-22T12:41:17","date_gmt":"2019-10-22T15:41:17","guid":{"rendered":"https:\/\/www.cpajn.org.ar\/new\/?page_id=153"},"modified":"2019-10-22T20:11:59","modified_gmt":"2019-10-22T23:11:59","slug":"servicios-profesionales","status":"publish","type":"page","link":"https:\/\/www.cpajn.org.ar\/web\/servicios-profesionales\/","title":{"rendered":"Servicios Profesionales"},"content":{"rendered":"<p><span>El Profesional de la Agrimensura es quien resuelve la aplicaci\u00f3n territorial del Derecho que corresponda, mediante el acto u operaci\u00f3n de mensura. Al ejecutarse esta tarea por quienes tienen autoridad cient\u00edfico t\u00e9cnica para hacerlo, los l\u00edmites resultan bien establecidos y la paz social queda asegurada.<\/span><span>\u00a0<\/span>\u00a0<span><\/span><\/p>\n<p><span>Nuestros matriculados se encuentran a su servicio para realizar:<\/span><span><br \/>\n<\/span><\/p>\n<ul>\n<li><span>ALTURA DE ANTENAS<\/span><\/li>\n<li><span>AUDITOR\u00cdAS TECNICAS<\/span><\/li>\n<li><span>AUSCULTACI\u00d3N DE ESTRUCTURAS<\/span><\/li>\n<li><span>BATIMETR\u00cdAS<\/span><\/li>\n<li><span>CARTOGRAFIA<\/span><\/li>\n<li><span>CATASTRO<\/span><\/li>\n<li><span>CONO DE SOMBRA<\/span><\/li>\n<li><span>DETERMINACI\u00d3N COORDENADAS ANTENAS<\/span><\/li>\n<li><span>DISTANCIA ENTRE LOCALES PARA HABILITACI\u00d3N (FARMACIAS)<\/span><\/li>\n<li><span>ELECTRODUCTOS<\/span><\/li>\n<li><span>ENRASE<\/span><\/li>\n<li><span>ESTADO PARCELARIO<\/span><\/li>\n<li><span>FOTOGRAMETR\u00cdA<\/span><\/li>\n<li><span>GASODUCTOS<\/span><\/li>\n<li><span>GEORREFERENCIACI\u00d3N<\/span><\/li>\n<li><span>HABILITACIONES COMERCIALES<\/span><\/li>\n<li><span>INFORMES T\u00c9CNICOS<\/span><\/li>\n<li><span>IMPACTO\u00a0AMBIENTAL<\/span><\/li>\n<li><span>LEVANTAMIENTOS CARTOGR\u00c1FICOS<\/span><\/li>\n<li><span>LEVANTAMIENTOS HIDROGR\u00c1FICOS<\/span><\/li>\n<li><span>LEVANTAMIENTOS SUBTERR\u00c1NEOS\u00a0\u00a0(T\u00daNELES)<\/span><\/li>\n<li><span>L\u00cdMITES Y L\u00cdNEAS DE RIBERA<\/span><\/li>\n<li><span>MEDIANER\u00cdA<\/span><\/li>\n<li><span>MEDICIONES GEOD\u00c9SICAS<\/span><\/li>\n<li><span>MEDICIONES GPS<\/span><\/li>\n<li><span>MEDICIONES GRAVIM\u00c9TRICAS<\/span><\/li>\n<li><span>MEDICIONES OBRAS PORTUARIAS<\/span><\/li>\n<li><span>MENSURA B\u00d3VEDAS<\/span><\/li>\n<li><span>MENSURA MINERA<\/span><\/li>\n<li><span>MENSURA PARTICULAR<\/span><\/li>\n<li><span>MENSURA PARTICULAR Y DIVISI\u00d3N EN PROPIEDAD HORIZONTAL<\/span><\/li>\n<li><span>MICROGEODESIA<\/span><\/li>\n<li><span>NIVELACIONES<\/span><\/li>\n<li><span>PERFILES S\u00cdSMICOS<\/span><\/li>\n<li><span>PERICIAS JUDICIALES<\/span><\/li>\n<li><span>POLIDUCTOS<\/span><\/li>\n<li><span>PREHORIZONTALIDAD<\/span><\/li>\n<li><span>PROYECTOS\/TRAZAS VIALES<\/span><span><\/span><\/li>\n<li><span>SISTEMAS DE INFORMACI\u00d3N GEOGR\u00c1FICOS (SIG &#8211; SIT)<\/span><\/li>\n<li><span>TELEDETECCI\u00d3N SATELITARIA<\/span><\/li>\n<li><span>TOPOGRAF\u00cdA &#8211; LEVANTAMIENTOS &#8211; REPLANTEOS<\/span><\/li>\n<li><span>TOPOGRAF\u00cdA DE MONTAJE<\/span><\/li>\n<li><span>TOPOGRAF\u00cdA DE OBRA<\/span><\/li>\n<li><span>VALUACIONES<\/span><\/li>\n<\/ul>\n","protected":false},"excerpt":{"rendered":"<p>El Profesional de la Agrimensura es quien resuelve la aplicaci\u00f3n territorial del Derecho que corresponda, mediante el acto u operaci\u00f3n de mensura. Al ejecutarse esta tarea por quienes tienen autoridad cient\u00edfico t\u00e9cnica para hacerlo, los l\u00edmites resultan bien establecidos y la paz social queda asegurada.\u00a0\u00a0 Nuestros matriculados se encuentran a<a class=\"moretag\" href=\"https:\/\/www.cpajn.org.ar\/web\/servicios-profesionales\/\"> Leer m\u00e1s<\/a><\/p>\n","protected":false},"author":1,"featured_media":33,"parent":0,"menu_order":30,"comment_status":"closed","ping_status":"closed","template":"","meta":{"footnotes":""},"class_list":["post-153","page","type-page","status-publish","has-post-thumbnail","hentry"],"_links":{"self":[{"href":"https:\/\/www.cpajn.org.ar\/web\/wp-json\/wp\/v2\/pages\/153","targetHints":{"allow":["GET"]}}],"collection":[{"href":"https:\/\/www.cpajn.org.ar\/web\/wp-json\/wp\/v2\/pages"}],"about":[{"href":"https:\/\/www.cpajn.org.ar\/web\/wp-json\/wp\/v2\/types\/page"}],"author":[{"embeddable":true,"href":"https:\/\/www.cpajn.org.ar\/web\/wp-json\/wp\/v2\/users\/1"}],"replies":[{"embeddable":true,"href":"https:\/\/www.cpajn.org.ar\/web\/wp-json\/wp\/v2\/comments?post=153"}],"version-history":[{"count":2,"href":"https:\/\/www.cpajn.org.ar\/web\/wp-json\/wp\/v2\/pages\/153\/revisions"}],"predecessor-version":[{"id":670,"href":"https:\/\/www.cpajn.org.ar\/web\/wp-json\/wp\/v2\/pages\/153\/revisions\/670"}],"wp:featuredmedia":[{"embeddable":true,"href":"https:\/\/www.cpajn.org.ar\/web\/wp-json\/wp\/v2\/media\/33"}],"wp:attachment":[{"href":"https:\/\/www.cpajn.org.ar\/web\/wp-json\/wp\/v2\/media?parent=153"}],"curies":[{"name":"wp","href":"https:\/\/api.w.org\/{rel}","templated":true}]}}