{"id":1661,"date":"2022-04-01T18:37:00","date_gmt":"2022-04-01T21:37:00","guid":{"rendered":"https:\/\/www.cpajn.org.ar\/web\/?page_id=1661"},"modified":"2024-08-30T16:34:15","modified_gmt":"2024-08-30T19:34:15","slug":"suspension-de-matriculados","status":"publish","type":"page","link":"https:\/\/www.cpajn.org.ar\/web\/suspension-de-matriculados\/","title":{"rendered":"Suspensi\u00f3n de matriculados"},"content":{"rendered":"\n<p>Se dan a conocer las \u00faltimas Resoluciones de suspensi\u00f3n de matriculados:<\/p>\n\n\n\n<p><img decoding=\"async\" class=\"wp-image-2239\" style=\"width: NaNpx;\" src=\"https:\/\/www.cpajn.org.ar\/web\/wp-content\/uploads\/2024\/08\/Resolucion-N\u00b0-170-13-8-2024-1.pdf\" alt=\"\"><a href=\"https:\/\/www.cpajn.org.ar\/web\/wp-content\/uploads\/2024\/08\/Resolucion-N\u00b0-170-13-8-2024-1-1.pdf\" data-type=\"URL\" data-id=\"https:\/\/www.cpajn.org.ar\/web\/wp-content\/uploads\/2024\/08\/Resolucion-N\u00b0-170-13-8-2024-1-1.pdf\" target=\"_blank\" rel=\"noreferrer noopener\">Resoluci\u00f3n C.P.A. J.N. y C.A.B.A. N\u00b0 170 &#8211; 13\/8\/2024<\/a> <\/p>\n\n\n\n<p><\/p>\n","protected":false},"excerpt":{"rendered":"<p>Se dan a conocer las \u00faltimas Resoluciones de suspensi\u00f3n de matriculados: Resoluci\u00f3n C.P.A. J.N. y C.A.B.A. N\u00b0 170 &#8211; 13\/8\/2024<\/p>\n","protected":false},"author":1,"featured_media":0,"parent":0,"menu_order":0,"comment_status":"closed","ping_status":"closed","template":"","meta":{"footnotes":""},"class_list":["post-1661","page","type-page","status-publish","hentry"],"_links":{"self":[{"href":"https:\/\/www.cpajn.org.ar\/web\/wp-json\/wp\/v2\/pages\/1661","targetHints":{"allow":["GET"]}}],"collection":[{"href":"https:\/\/www.cpajn.org.ar\/web\/wp-json\/wp\/v2\/pages"}],"about":[{"href":"https:\/\/www.cpajn.org.ar\/web\/wp-json\/wp\/v2\/types\/page"}],"author":[{"embeddable":true,"href":"https:\/\/www.cpajn.org.ar\/web\/wp-json\/wp\/v2\/users\/1"}],"replies":[{"embeddable":true,"href":"https:\/\/www.cpajn.org.ar\/web\/wp-json\/wp\/v2\/comments?post=1661"}],"version-history":[{"count":7,"href":"https:\/\/www.cpajn.org.ar\/web\/wp-json\/wp\/v2\/pages\/1661\/revisions"}],"predecessor-version":[{"id":2266,"href":"https:\/\/www.cpajn.org.ar\/web\/wp-json\/wp\/v2\/pages\/1661\/revisions\/2266"}],"wp:attachment":[{"href":"https:\/\/www.cpajn.org.ar\/web\/wp-json\/wp\/v2\/media?parent=1661"}],"curies":[{"name":"wp","href":"https:\/\/api.w.org\/{rel}","templated":true}]}}