{"id":167,"date":"2021-03-04T12:56:00","date_gmt":"2021-03-04T15:56:00","guid":{"rendered":"https:\/\/www.cpajn.org.ar\/new\/?page_id=167"},"modified":"2023-11-08T17:49:27","modified_gmt":"2023-11-08T20:49:27","slug":"consultas-tecnicas-en-catastro","status":"publish","type":"page","link":"https:\/\/www.cpajn.org.ar\/web\/consultas-tecnicas-en-catastro\/","title":{"rendered":"Consultas T\u00e9cnicas en Catastro"},"content":{"rendered":"<p>Desde la Subsecretar\u00eda de Gesti\u00f3n Urbana informaron que la Mesa de Ayuda se incorpora a la plataforma de Gesti\u00f3n Colaborativa.<br \/>\nEsto significa que a partir del jueves 22 de junio las consultas, pedidos de reuni\u00f3n y reclamos que se enviaban a: ssgu.consultas@buenosaires.gob.ar, ahora se ingresan mejor en:<\/p>\n<p>https:\/\/gestioncolaborativa.buenosaires.gob.ar\/prestaciones<\/p>\n","protected":false},"excerpt":{"rendered":"<p>Desde la Subsecretar\u00eda de Gesti\u00f3n Urbana informaron que la Mesa de Ayuda se incorpora a la plataforma de Gesti\u00f3n Colaborativa. Esto significa que a partir del jueves 22 de junio las consultas, pedidos de reuni\u00f3n y reclamos que se enviaban a: ssgu.consultas@buenosaires.gob.ar, ahora se ingresan mejor en: https:\/\/gestioncolaborativa.buenosaires.gob.ar\/prestaciones<\/p>\n","protected":false},"author":1,"featured_media":0,"parent":0,"menu_order":70,"comment_status":"closed","ping_status":"closed","template":"","meta":{"footnotes":""},"class_list":["post-167","page","type-page","status-publish","hentry"],"_links":{"self":[{"href":"https:\/\/www.cpajn.org.ar\/web\/wp-json\/wp\/v2\/pages\/167","targetHints":{"allow":["GET"]}}],"collection":[{"href":"https:\/\/www.cpajn.org.ar\/web\/wp-json\/wp\/v2\/pages"}],"about":[{"href":"https:\/\/www.cpajn.org.ar\/web\/wp-json\/wp\/v2\/types\/page"}],"author":[{"embeddable":true,"href":"https:\/\/www.cpajn.org.ar\/web\/wp-json\/wp\/v2\/users\/1"}],"replies":[{"embeddable":true,"href":"https:\/\/www.cpajn.org.ar\/web\/wp-json\/wp\/v2\/comments?post=167"}],"version-history":[{"count":12,"href":"https:\/\/www.cpajn.org.ar\/web\/wp-json\/wp\/v2\/pages\/167\/revisions"}],"predecessor-version":[{"id":2037,"href":"https:\/\/www.cpajn.org.ar\/web\/wp-json\/wp\/v2\/pages\/167\/revisions\/2037"}],"wp:attachment":[{"href":"https:\/\/www.cpajn.org.ar\/web\/wp-json\/wp\/v2\/media?parent=167"}],"curies":[{"name":"wp","href":"https:\/\/api.w.org\/{rel}","templated":true}]}}