{"id":169,"date":"2022-08-30T11:06:00","date_gmt":"2022-08-30T14:06:00","guid":{"rendered":"https:\/\/www.cpajn.org.ar\/new\/?page_id=169"},"modified":"2024-10-14T16:36:41","modified_gmt":"2024-10-14T19:36:41","slug":"ultimas-normativas-y-varios","status":"publish","type":"page","link":"https:\/\/www.cpajn.org.ar\/web\/ultimas-normativas-y-varios\/","title":{"rendered":"\u00daltimas Normativas y Varios"},"content":{"rendered":"\n<hr class=\"wp-block-separator has-alpha-channel-opacity\"\/>\n\n\n<div>\n<div>\n<div><\/div>\n<div><\/div>\n<div><strong>CICLO DE TALLERES 2024<\/strong><\/div>\n<div><span>1 &#8211; Estandarizaci\u00f3n de datos &#8211; 5 de marzo<\/span><\/div>\n<div><a href=\"https:\/\/www.cpajn.org.ar\/web\/wp-content\/uploads\/2024\/03\/Taller-Estandarizacion-de-datos_V0.pdf\">Taller Estandarizacion de datos_V0<\/a><\/div>\n<\/div>\n<\/div>\n<div><\/div>\n<div>2 &#8211; Lectura de PO &#8211; 26 de marzo<\/div>\n<div><a href=\"https:\/\/www.cpajn.org.ar\/web\/wp-content\/uploads\/2024\/04\/Taller-Permisos-y-Verificacion-de-Obra.pdf\">Taller Permisos y Verificaci\u00f3n de Obra<\/a><\/div>\n<div><\/div>\n<div>3 &#8211; Registro de la Propiedad y Lectura de informe de dominio &#8211; 17 de abril<\/div>\n<div><a href=\"https:\/\/www.cpajn.org.ar\/web\/wp-content\/uploads\/2024\/05\/Taller-Registro-de-la-Propiedad.pdf\">Taller Registro de la Propiedad<\/a><\/div>\n<div><\/div>\n<div>\n<div>4 &#8211; CUR 2024 &#8211; 28 de mayo<\/div>\n<div><a href=\"https:\/\/www.cpajn.org.ar\/web\/wp-content\/uploads\/2024\/06\/TALLER-4-CUR.pdf\">TALLER 4 CUR<\/a><\/div>\n<div><\/div>\n<\/div>\n<div><span>5 &#8211; APH &#8211; 25 de junio<\/span><\/div>\n<div><a href=\"https:\/\/www.cpajn.org.ar\/web\/wp-content\/uploads\/2024\/10\/TALLER-de-APH.pdf\">APH<\/a><\/div>\n<div><\/div>\n<div><span>6 &#8211; Valuaciones &#8211; 30 de julio<\/span><\/div>\n<div><a href=\"https:\/\/www.cpajn.org.ar\/web\/wp-content\/uploads\/2024\/10\/FUNDAMENTO-DE-LAS-TASACIONES_V1.pdf\">VALUACIONES<\/a><\/div>\n<div><\/div>\n<div>7-Objeto Territorial \u2013 27 de agosto<\/div>\n<div><a href=\"https:\/\/www.cpajn.org.ar\/web\/wp-content\/uploads\/2024\/09\/Taller-de-Objetos-territoriales-no-parcelarios-V2.pdf\">Taller de Objetos territoriales no parcelarios V2<\/a><\/div>\n<div><\/div>\n<div><span>8 &#8211; Registro de planos de mensura &#8211; 24 de septiembre<\/span><\/div>\n<div><a href=\"https:\/\/www.cpajn.org.ar\/web\/wp-content\/uploads\/2024\/09\/Registro-de-Planos-de-Mensura.pdf\">Registro de planos de mensura<\/a><\/div>\n<div><\/div>\n<div>\n<div>\n<div><b>Jornada informativa Catastro &#8211; Marzo 2024 &#8211; Catastro GCBA<\/b><\/div>\n<div><a href=\"https:\/\/www.cpajn.org.ar\/web\/wp-content\/uploads\/2024\/03\/GCABAMATRICULA-1_03_2024.pdf\">GCABA&amp;MATRICULA 1_03_2024<\/a><\/div>\n<div><\/div>\n<div><b>Taller CUR \u2013 Diciembre 2023 \u2013 CPAJN Y CABA\/Subsecretaria de Gesti\u00f3n Urbana<\/b><\/div>\n<div><span>Taller de capacitaci\u00f3n &#8220;Todo lo que NO sab\u00edas de CUR&#8221; dictado el 12 de diciembre en la Sede del Consejo.<\/span><\/div>\n<div><\/div>\n<div><a href=\"https:\/\/www.cpajn.org.ar\/web\/wp-content\/uploads\/2023\/12\/Taller-CUR.pdf\">Taller CUR<\/a><\/div>\n<div><\/div>\n<\/div>\n<div><b>Taller 4 &#8211; Agosto 2023 &#8211; CPAJN Y CABA\/Subsecretaria de Gesti\u00f3n Urbana<\/b><\/div>\n<div><\/div>\n<div>4\u00b0 Taller de capacitaci\u00f3n dictado el 1 de agosto en la Sede del Consejo.<\/div>\n<div><!--more--><\/div>\n<\/div>\n<div><a href=\"https:\/\/www.cpajn.org.ar\/web\/wp-content\/uploads\/2023\/08\/TALLER-4-CEP-CPA-DGROC_01_08_2023-_Material.pdf\">TALLER 4 CEP CPA -DGROC_01_08_2023 _Material<\/a><\/div>\n<div><a href=\"https:\/\/www.cpajn.org.ar\/web\/wp-content\/uploads\/2023\/08\/RESUMEN-1t.pdf\">RESUMEN 1t<\/a><\/div>\n<div><a href=\"https:\/\/www.cpajn.org.ar\/web\/wp-content\/uploads\/2023\/08\/RESUMEN-2t.pdf\">RESUMEN 2t<\/a><\/div>\n<div><a href=\"https:\/\/www.cpajn.org.ar\/web\/wp-content\/uploads\/2023\/08\/RESUMEN-3t.pdf\">RESUMEN 3t<\/a><\/div>\n<div><a href=\"https:\/\/www.cpajn.org.ar\/web\/wp-content\/uploads\/2023\/08\/RESUMEN-4t.pdf\">RESUMEN 4t<\/a><\/div>\n<div><a href=\"https:\/\/www.cpajn.org.ar\/web\/wp-content\/uploads\/2023\/08\/RESUMEN-5t.pdf\">RESUMEN 5t<\/a><\/div>\n<div><a href=\"https:\/\/www.cpajn.org.ar\/web\/wp-content\/uploads\/2023\/08\/RESUMEN-6-t.pdf\">RESUMEN 6 t<\/a> <a href=\"https:\/\/www.cpajn.org.ar\/web\/wp-content\/uploads\/2023\/08\/RESUMEN-7t.pdf\"><\/a><\/div>\n<div><a href=\"https:\/\/www.cpajn.org.ar\/web\/wp-content\/uploads\/2023\/08\/RESUMEN-7t.pdf\">RESUMEN 7t<\/a> <a href=\"https:\/\/www.cpajn.org.ar\/web\/wp-content\/uploads\/2023\/08\/RESUMEN-1t.pdf\"><\/a><\/div>\n<div><\/div>\n<p><!--more--><\/p>\n<div><\/div>\n<div><\/div>\n<div><b>Taller 3 &#8211; Abril 2023 &#8211; CPA JN y CABA \/ Subsecretaria de Gestion Urbana<\/b><\/div>\n<div><\/div>\n<div>Continuando con la capacitaci\u00f3n a nuestros matriculados, el d\u00eda 25 de abril se dict\u00f3 el 3\u00b0 Taller de Estado Parcelario en la Sede del Consejo.<\/div>\n<div>El mismo estuvo a cargo de la Agrim. Sandra Ponzo (Gerente Operativa de Catastro F\u00edsico) y el Agrim. Nicolas Quinterno (Subgerente Operativo).<a href=\"https:\/\/www.cpajn.org.ar\/web\/wp-content\/uploads\/2023\/05\/TALLER-3-CEP-25-4-DGROC-CPA-.pdf\"><\/a><\/div>\n<div><\/div>\n<p><!--more--><\/p>\n<div><a href=\"https:\/\/www.cpajn.org.ar\/web\/wp-content\/uploads\/2023\/05\/TALLER-3-CEP-25-4-DGROC-CPA-.pdf\">TALLER 3 CEP 25-4 DGROC-CPA<\/a><\/div>\n<p><!--more--><!--more--><\/p>\n<p><\/p>\n<p><strong>Taller 2 &#8211; Febrero 2023 &#8211; Subsecretaria de Gesti\u00f3n Urbana<\/strong><\/p>\n<p><a href=\"https:\/\/www.cpajn.org.ar\/web\/wp-content\/uploads\/2023\/03\/TALLER-2-CEP-2-3-DGROC-CPA-1.pdf\">TALLER 2 CEP 2-3 DGROC-CPA (1)<\/a><\/p>\n<p><!--more--><!--more--><\/p>\n<p><\/p>\n<p><strong>Inscripci\u00f3n al registro de profesionales de Catastro. <\/strong>Archivo con instrucciones.<\/p>\n<p><a href=\"https:\/\/www.cpajn.org.ar\/web\/wp-content\/uploads\/2023\/02\/Tutorial-solicitud-N\u00b0-de-Catastro.pdf\">Tutorial solicitud N\u00b0 de Catastro<\/a><\/p>\n<p><!--more--><!--more--><\/p>\n<p><\/p>\n<p><strong>Taller 1 &#8211; Noviembre 2022 &#8211; Subsecretaria de Gesti\u00f3n Urbana<\/strong><\/p>\n<p><strong> <\/strong>Los formularios PDF deben ser rellenados para las superficies que no hayan sido empadronadas por AGIP del relevamiento realizado por el profesional.<strong>\u00a0<\/strong>\u00b7\u00a0\u00a0\u00a0\u00a0\u00a0\u00a0\u00a0<\/p>\n<ul>\n<li>\u00a0<strong><u><a href=\"https:\/\/www.cpajn.org.ar\/web\/wp-content\/uploads\/2023\/02\/Instrucciones.txt\">Instrucciones<\/a><\/u><\/strong> \u00a0\u00a0\u00a0\u00a0<\/li>\n<li>\u00a0\u00a0<a href=\"https:\/\/www.cpajn.org.ar\/web\/wp-content\/uploads\/2023\/02\/TALLER-1-CEP-noviembre-2022-DGROC-CPA.pptx\">TALLER 1 CEP noviembre 2022 DGROC-CPA<\/a> \u00a0\u00a0<\/li>\n<li><a href=\"https:\/\/www.cpajn.org.ar\/web\/wp-content\/uploads\/2023\/02\/Formulario_01_descriptivo.pdf\">Formulario_01_descriptivo<\/a><\/li>\n<li><a href=\"https:\/\/www.cpajn.org.ar\/web\/wp-content\/uploads\/2023\/02\/Formulario_01.pdf\">Formulario_01<\/a><a href=\"https:\/\/www.cpajn.org.ar\/web\/wp-content\/uploads\/2023\/02\/Formulario_02.pdf\"><\/a><\/li>\n<li><a href=\"https:\/\/www.cpajn.org.ar\/web\/wp-content\/uploads\/2023\/02\/Formulario_02.pdf\">Formulario_02<\/a><\/li>\n<li><a href=\"https:\/\/www.cpajn.org.ar\/web\/wp-content\/uploads\/2023\/02\/Formulario_04.pdf\">Formulario_04<\/a><\/li>\n<li><a href=\"https:\/\/www.cpajn.org.ar\/web\/wp-content\/uploads\/2023\/02\/Formulario_05.pdf\">Formulario_05<\/a><\/li>\n<li><a href=\"https:\/\/www.cpajn.org.ar\/web\/wp-content\/uploads\/2023\/02\/Formulario_06.pdf\">Formulario_06<\/a><strong><\/strong><\/li>\n<li><u><a href=\"https:\/\/www.cpajn.org.ar\/web\/wp-content\/uploads\/2023\/02\/Formulario_08.pdf\">Formulario_08<\/a><\/u><\/li>\n<li><a href=\"https:\/\/www.cpajn.org.ar\/web\/wp-content\/uploads\/2023\/02\/Formulario_09.pdf\">Formulario_09<\/a><\/li>\n<li><a href=\"https:\/\/www.cpajn.org.ar\/web\/wp-content\/uploads\/2023\/02\/Formulario_10.pdf\">Formulario_10<\/a><\/li>\n<li><a href=\"https:\/\/www.cpajn.org.ar\/web\/wp-content\/uploads\/2023\/02\/Formulario_13.pdf\">Formulario_13<\/a><\/li>\n<li><a href=\"https:\/\/www.cpajn.org.ar\/web\/wp-content\/uploads\/2023\/02\/Formulario_14.pdf\">Formulario_14<\/a><\/li>\n<li><a href=\"https:\/\/www.cpajn.org.ar\/web\/wp-content\/uploads\/2023\/02\/Formulario_15.pdf\">Formulario_15<\/a><\/li>\n<li><a href=\"https:\/\/www.cpajn.org.ar\/web\/wp-content\/uploads\/2023\/02\/Formulario_16.pdf\">Formulario_16<\/a><\/li>\n<li><a href=\"https:\/\/www.cpajn.org.ar\/web\/wp-content\/uploads\/2023\/02\/Formulario_17.pdf\">Formulario_17<\/a><\/li>\n<li><a href=\"https:\/\/www.cpajn.org.ar\/web\/wp-content\/uploads\/2023\/02\/Formulario_18.pdf\">Formulario_18<\/a><\/li>\n<\/ul>\n<p><!--more--><\/p>\n<p><!--more--><\/p>\n<p><\/p>\n<p><strong>Ley de Catastro<\/strong><\/p>\n<ul>\n<li><span><a href=\"https:\/\/documentosboletinoficial.buenosaires.gob.ar\/publico\/ck_PE-DIS-MJGGC-DGROC-370-22-6530.pdf\" target=\"_blank\" data-saferedirecturl=\"https:\/\/www.google.com\/url?q=https:\/\/documentosboletinoficial.buenosaires.gob.ar\/publico\/ck_PE-DIS-MJGGC-DGROC-370-22-6530.pdf&amp;source=gmail&amp;ust=1718129520911000&amp;usg=AOvVaw1gO8Dy9HcdDIN7LQ-6Fb5K\" rel=\"noopener\"><strong jslog=\"32272; 1:WyIjdGhyZWFkLWY6MTgwMTQ5ODY2NjIwNzU5OTY1NiJd; 4:WyIjbXNnLWY6MTgwMTQ5ODY2NjIwNzU5OTY1NiJd\">Disposici\u00f3n 89\/2024 DGROC<\/strong><\/a>\u00a0La nueva disposici\u00f3n modifica a la DI-2024-154-GCABA-DGROC eliminando\u00a0<\/span>-Punto 2.3 &#8220;Autorizaci\u00f3n t\u00e1cita: Constituci\u00f3n Estado Parcelario&#8221;-Punto 32 &#8220;Exentos de Constituci\u00f3n y Verificaci\u00f3n el estado parcelario&#8221;, inciso 5: Transferencias de dominios en los casos que sean a t\u00edtulo gratuito.\u00a0 Inciso 7: En los casos de reorganizaci\u00f3n societarias.<br \/><a href=\"https:\/\/www.cpajn.org.ar\/web\/wp-content\/uploads\/2024\/06\/DI-2024-22334636-GCABA-DGROC.pdf\">DI-2024-22334636-GCABA-DGROC<br \/><\/a><a href=\"https:\/\/www.cpajn.org.ar\/web\/wp-content\/uploads\/2024\/06\/IF-2024-22315103-GCABA-DGROC.pdf\">IF-2024-22315103-GCABA-DGROC<\/a><\/li>\n<\/ul>\n<ul>\n<li><span><a href=\"https:\/\/documentosboletinoficial.buenosaires.gob.ar\/publico\/ck_PE-DIS-MJGGC-DGROC-370-22-6530.pdf\"><strong>Disposici\u00f3n 370\/2022 DGROC<\/strong><\/a><span>\u00a0<\/span>Except\u00faa de la obligatoriedad de CEP para parcelas o Derecho Real de Superficie constituido sobre inmuebles, si se solicita el Certificado &#8220;F1&#8221; ante la AGIP durante el mes de Enero de 2023. Las Mensuras de parcelas o Derecho Real de Superficie presentadas y registradas con posterioridad al 1\u00ba de Enero de 2023, deber\u00e1n contar con toda la documentaci\u00f3n exigida para la CEP conforme reglamento t\u00e9cnico IF-2022-32216978-GCABA-DGROC. BOLET\u00cdN OFICIAL N\u00b0 6530 &#8211; Del d\u00eda 30\/12\/2022.\u00a0<\/span><\/li>\n<li><a href=\"https:\/\/documentosboletinoficial.buenosaires.gob.ar\/publico\/ck_PE-DIS-MJGGC-DGROC-299-22-6459.pdf\"><strong>Disposici\u00f3n <span class=\"il\">299<\/span>\/2022 DGROC<\/strong><\/a> Deja sin efecto el Art. 2 de la Disposici\u00f3n 292\/2022 y se aprueban los <a href=\"https:\/\/documentosboletinoficial.buenosaires.gob.ar\/publico\/PE-DIS-MJGGC-DGROC-299-22-ANX.pdf\">Reglamentos T\u00e9cnicos (nueva versi\u00f3n 2) de la Ley de Catastro 6.437<\/a>.<\/li>\n<li><a href=\"http:\/\/api-restboletinoficial.buenosaires.gob.ar\/download\/2814456\" target=\"_blank\" rel=\"noopener noreferrer\" data-saferedirecturl=\"https:\/\/www.google.com\/url?q=http:\/\/api-restboletinoficial.buenosaires.gob.ar\/download\/2814456&amp;source=gmail&amp;ust=1661879407506000&amp;usg=AOvVaw1f5alheLITCDMwH7UM_mFk\"><strong>Disposici\u00f3n <span class=\"il\">292<\/span>\/2022 DGROC<\/strong><\/a> Se derogan los Reglamentos T\u00e9cnicos aprobados por Disposici\u00f3n 2\/2022 y se aprueban los <a href=\"https:\/\/documentosboletinoficial.buenosaires.gob.ar\/publico\/PE-DIS-MJGGC-DGROC-292-22-ANX.pdf\">Reglamentos T\u00e9cnicos (versi\u00f3n 2) de la Ley de Catastro 6.437<\/a> (<span style=\"color: #ff00ff;\">sin efecto por<\/span><span style=\"color: #ff00ff;\"> <\/span><span style=\"color: #ff00ff;\">Disposici\u00f3n 299\/2022<\/span>).<\/li>\n<li><strong><a href=\"https:\/\/documentosboletinoficial.buenosaires.gob.ar\/publico\/ck_PE-DIS-MJGGC-DGROC-2-22-6296.pdf\"><span>Disposici\u00f3n 2\/2022 DGROC<\/span><\/a><\/strong> Aprueba los <a href=\"https:\/\/documentosboletinoficial.buenosaires.gob.ar\/publico\/PE-DIS-MJGGC-DGROC-2-22-ANX.pdf\">Reglamentos T\u00e9cnicos de la Ley de Catastro<\/a> (<span style=\"color: #ff00ff;\">derogados por Disposici\u00f3n 292\/2022<\/span>).<\/li>\n<li><a href=\"https:\/\/www.cpajn.org.ar\/web\/2021\/08\/06\/nueva-ley-de-catastro\/\" target=\"_blank\" rel=\"noopener noreferrer\"><strong>Ley 6.437 (2021)<\/strong><\/a>. Normativa Catastral co<span>n vigencia desde enero de 2022<\/span>. Publicada <span>en el Bolet\u00edn Oficial de la Ciudad de Buenos Aires<\/span> e<span>l 26 de julio de 2021.<\/span><\/li>\n<li><span><\/span><a href=\"https:\/\/www.cpajn.org.ar\/web\/wp-content\/uploads\/2018\/03\/Ley3999_CatastroCABA_2011.pdf\" target=\"_blank\" rel=\"noopener noreferrer\"><strong>Ley 3.999<span>\u00a0<\/span><\/strong><strong>(2011)<\/strong><\/a>.<strong> <\/strong>Objetivos, funciones y atribuciones. Estado parcelario, constituci\u00f3n y verificaci\u00f3n. Determinaci\u00f3n de otros objetos territoriales legales. Certificaci\u00f3n catastral. (<span style=\"color: #ff00ff;\">Derogada por Ley 6.437<\/span>)<\/li>\n<\/ul>\n<p><strong>Tarifaria en vigencia y normas conexas<\/strong><strong><a href=\"https:\/\/www.agip.gob.ar\/normativa\/resoluciones\/2019\/agip\/resolucion-n-29--agip--2019\" target=\"_blank\" rel=\"noopener noreferrer\"><\/a><\/strong><strong><a href=\"https:\/\/www.cpajn.org.ar\/web\/wp-content\/uploads\/2020\/11\/Ley6280_PL-LEY-LCABA-LCBA-6280-19-ANX.pdf\" target=\"_blank\" rel=\"noopener noreferrer\"><\/a><\/strong><strong><a href=\"https:\/\/boletinoficial.buenosaires.gob.ar\/normativaba\/norma\/581559\"><\/a><\/strong><\/p>\n<ul>\n<li><strong><a href=\"https:\/\/documentosboletinoficial.buenosaires.gob.ar\/publico\/ck_PL-LEY-LCABA-LCBA-6593-22-6513.pdf\">Ley 6.593 (2022) GCBA<\/a><\/strong> Tarifaria para el a\u00f1o 2023 &#8211; <a href=\"https:\/\/documentosboletinoficial.buenosaires.gob.ar\/publico\/PL-LEY-LCABA-LCBA-6593-22-ANX.pdf\">Anexo I<\/a> (Derechos de Catastro: ver <a href=\"https:\/\/www.cpajn.org.ar\/web\/wp-content\/uploads\/2022\/12\/Tarifaria2023_6593_85_127.pdf\">Art. 85 y Art. 127<\/a>).<\/li>\n<li><strong><a href=\"https:\/\/boletinoficial.buenosaires.gob.ar\/normativaba\/norma\/581559\">Ley 6.506 (2021) GCBA<\/a><\/strong>\u00a0Tarifaria para el a\u00f1o 2022 &#8211; <a href=\"https:\/\/documentosboletinoficial.buenosaires.gob.ar\/publico\/PL-LEY-LCABA-LCBA-6506-21-ANX.pdf\">Anexo I<\/a> (Derechos Gerencia Operativa de Catastro: <a href=\"https:\/\/www.cpajn.org.ar\/web\/wp-content\/uploads\/2022\/01\/2022DerechosCatastro.jpg\">Art. 112<\/a>, p\u00e1g. 46).<\/li>\n<li><strong><a href=\"https:\/\/boletinoficial.buenosaires.gob.ar\/normativaba\/norma\/581558\">Ley 6.505 (2021) GCBA<\/a><\/strong>\u00a0Aprueba el C\u00f3digo Fiscal obrante en el <a href=\"https:\/\/documentosboletinoficial.buenosaires.gob.ar\/publico\/PL-LEY-LCABA-LCBA-6505-21-ANX.pdf\">Anexo I<\/a>.<a href=\"https:\/\/boletinoficial.buenosaires.gob.ar\/normativaba\/resultados\" target=\"_blank\" rel=\"noopener noreferrer\"><strong><\/strong><\/a><a href=\"https:\/\/www.agip.gob.ar\/normativa\/resoluciones\/2022\/agip\/resolucion-n-26agip-2022\"><strong><\/strong><\/a><\/li>\n<li><a href=\"https:\/\/www.agip.gob.ar\/normativa\/resoluciones\/2022\/agip\/resolucion-n-27agip-2022\"><strong>Resoluci\u00f3n 27\/2022 AGIP<\/strong><\/a> Especifica el procedimiento operativo para la aplicaci\u00f3n del Valor Inmobiliario de Referencia (VIR) para los inmuebles ubicados en la Ciudad Aut\u00f3noma de Buenos Aires, para el ejercicio fiscal 2022, que reflejar\u00e1 el valor de dichos inmuebles en el mercado comercial.\n<ul>\n<li><a href=\"https:\/\/www.agip.gob.ar\/filemanager\/source\/20220121-Resol-27-AGIP-22-Anexo-I.pdf\" style=\"font-size: inherit;\">Anexo I \u2013 Metodolog\u00eda de c\u00e1lculo del VIR<\/a><\/li>\n<li><a href=\"https:\/\/www.agip.gob.ar\/filemanager\/source\/20220121-Resol-27-AGIP-22-Anexo-II.pdf\" style=\"font-size: inherit;\">Anexo II \u2013 Tabla de Valor Unitario de Reposici\u00f3n (en $\/m2) (VUR \u2013 VIR)<\/a><\/li>\n<li><a href=\"https:\/\/www.agip.gob.ar\/filemanager\/source\/20220121-Resol-27-AGIP-22-Anexo-III.pdf\" style=\"font-size: inherit;\">Anexo III \u2013 Tabla de VUC-VIR a\u00f1o 2022<\/a><\/li>\n<li><a href=\"https:\/\/www.agip.gob.ar\/filemanager\/source\/20220121-Resol-27-AGIP-22-Anexo-IV.pdf\" style=\"font-size: inherit;\">Anexo IV \u2013 Tabla de Casos Particulares de VUC-VIR<\/a><\/li>\n<li><a href=\"https:\/\/www.agip.gob.ar\/filemanager\/source\/20220121-Resol-27-AGIP-22-Anexo-V.pdf\" style=\"font-size: inherit;\">Anexo V \u2013 Tablas de depreciaci\u00f3n<\/a><\/li>\n<\/ul>\n<\/li>\n<li><a href=\"https:\/\/www.agip.gob.ar\/normativa\/resoluciones\/2022\/agip\/resolucion-n-26agip-2022\"><strong>Resoluci\u00f3n 26\/2022 AGIP<\/strong><\/a> Aprueba la metodolog\u00eda para el c\u00e1lculo de la Valuaci\u00f3n Fiscal Homog\u00e9nea (VFH) para el ejercicio fiscal 2022. Incluye la Tabla indicativa del Valor Real de Edificaci\u00f3n seg\u00fan categor\u00eda y destino de los inmuebles (<a href=\"https:\/\/www.agip.gob.ar\/filemanager\/source\/20220121-Resol-26-AGIP-22-Anexo-I.pdf\">Anexo I<\/a>), la Tabla de coeficientes necesarios para la actualizaci\u00f3n de la Valuaci\u00f3n Fiscal Homog\u00e9nea (<a href=\"https:\/\/www.agip.gob.ar\/filemanager\/source\/20220121-Resol-26-AGIP-22-Anexo-II.pdf\">Anexo II<\/a>), la Tabla de valor de los terrenos segmentados por Barrio, Secci\u00f3n y Manzana (<a href=\"https:\/\/www.agip.gob.ar\/filemanager\/source\/20220121-Resol-26-AGIP-22-Anexo-III.pdf\">Anexo III<\/a>) y la Tabla de Casos Particulares segmentada por Barrio y Calle (<a href=\"https:\/\/www.agip.gob.ar\/filemanager\/source\/20220121-Resol-26-AGIP-22-Anexo-IV.pdf\">Anexo IV<\/a>).<\/li>\n<\/ul>\n<p><strong>Derecho Real de Superficie<\/strong><\/p>\n<ul>\n<li><strong><a href=\"https:\/\/www.cpajn.org.ar\/web\/wp-content\/uploads\/2018\/03\/Res546-2016-SSREGIC_DerechoSuperf.pdf\" target=\"_blank\" rel=\"noopener noreferrer\">Resoluci\u00f3n 546 SSREGIC\/16<\/a><\/strong><span>\u00a0<\/span>Se crea la figura de &#8220;Plano de Mensura Particular y de Derecho Real de Superficie&#8221;, que deber\u00e1 ser<span>\u00a0<\/span><span>\u00a0<\/span>presentado para su registro ante la Gerencia Operativa de Catastro F\u00edsico dependiente de la Direcci\u00f3n General de Registro de Obras y Catastro, quien ser\u00e1 la encargada de recepcionar, estudiar, registrar, documentar, archivar, publicitar y llevar el registro de los mismos. Se determina la modalidad de presentaci\u00f3n de los planos.<\/li>\n<\/ul>\n<ul><\/ul>\n<p><strong>Varios<\/strong><\/p>\n<ul>\n<li><a href=\"https:\/\/www.cpajn.org.ar\/web\/wp-content\/uploads\/2021\/03\/Espacios-Guardacoches_UF.pdf\" target=\"_blank\" rel=\"noopener noreferrer\"><strong>Espacio Guardacoche\/Unidad Funcional<\/strong><\/a><\/li>\n<li><a href=\"https:\/\/www.cpajn.org.ar\/web\/wp-content\/uploads\/2020\/11\/20201102_Ochavas.pdf\" target=\"_blank\" rel=\"noopener noreferrer\"><strong>Ochavas<\/strong><\/a><\/li>\n<li><strong><a href=\"https:\/\/www.cpajn.org.ar\/web\/wp-content\/uploads\/2018\/03\/2003-Nomenclador-calles.pdf\" target=\"_blank\" rel=\"noopener noreferrer\">Nomenclador de calles<\/a><\/strong><span>\u00a0<\/span>(archivo 2003).<\/li>\n<li><strong><a href=\"https:\/\/www.cpajn.org.ar\/web\/wp-content\/uploads\/2018\/03\/Comparaciondeceros.pdf\" target=\"_blank\" rel=\"noopener noreferrer\">Comparaci\u00f3n de ceros<\/a><\/strong><\/li>\n<\/ul>\n\n\n<!--more-->\n\n\n\n<div style=\"height:100px\" aria-hidden=\"true\" class=\"wp-block-spacer\"><\/div>\n\n\n\n<div style=\"height:100px\" aria-hidden=\"true\" class=\"wp-block-spacer\"><\/div>\n\n\n\n<p><\/p>\n","protected":false},"excerpt":{"rendered":"<p>CICLO DE TALLERES 2024 1 &#8211; Estandarizaci\u00f3n de datos &#8211; 5 de marzo Taller Estandarizacion de datos_V0 2 &#8211; Lectura de PO &#8211; 26 de marzo Taller Permisos y Verificaci\u00f3n de Obra 3 &#8211; Registro de la Propiedad y Lectura de informe de dominio &#8211; 17 de abril Taller Registro<a class=\"moretag\" href=\"https:\/\/www.cpajn.org.ar\/web\/ultimas-normativas-y-varios\/\"> Leer m\u00e1s<\/a><\/p>\n","protected":false},"author":1,"featured_media":33,"parent":0,"menu_order":60,"comment_status":"closed","ping_status":"closed","template":"","meta":{"footnotes":""},"class_list":["post-169","page","type-page","status-publish","has-post-thumbnail","hentry"],"_links":{"self":[{"href":"https:\/\/www.cpajn.org.ar\/web\/wp-json\/wp\/v2\/pages\/169","targetHints":{"allow":["GET"]}}],"collection":[{"href":"https:\/\/www.cpajn.org.ar\/web\/wp-json\/wp\/v2\/pages"}],"about":[{"href":"https:\/\/www.cpajn.org.ar\/web\/wp-json\/wp\/v2\/types\/page"}],"author":[{"embeddable":true,"href":"https:\/\/www.cpajn.org.ar\/web\/wp-json\/wp\/v2\/users\/1"}],"replies":[{"embeddable":true,"href":"https:\/\/www.cpajn.org.ar\/web\/wp-json\/wp\/v2\/comments?post=169"}],"version-history":[{"count":115,"href":"https:\/\/www.cpajn.org.ar\/web\/wp-json\/wp\/v2\/pages\/169\/revisions"}],"predecessor-version":[{"id":2295,"href":"https:\/\/www.cpajn.org.ar\/web\/wp-json\/wp\/v2\/pages\/169\/revisions\/2295"}],"wp:featuredmedia":[{"embeddable":true,"href":"https:\/\/www.cpajn.org.ar\/web\/wp-json\/wp\/v2\/media\/33"}],"wp:attachment":[{"href":"https:\/\/www.cpajn.org.ar\/web\/wp-json\/wp\/v2\/media?parent=169"}],"curies":[{"name":"wp","href":"https:\/\/api.w.org\/{rel}","templated":true}]}}