{"id":348,"date":"2019-10-22T16:58:12","date_gmt":"2019-10-22T19:58:12","guid":{"rendered":"https:\/\/www.cpajn.org.ar\/web\/?page_id=348"},"modified":"2020-04-29T17:03:40","modified_gmt":"2020-04-29T20:03:40","slug":"donde-estudiar","status":"publish","type":"page","link":"https:\/\/www.cpajn.org.ar\/web\/donde-estudiar\/","title":{"rendered":"\u00bfD\u00f3nde estudiar Agrimensura?"},"content":{"rendered":"<p>CoNaPEA ha recopilado toda la informaci\u00f3n pertinente a las Escuelas de Agrimensura. En las siguientes im\u00e1genes representativas de la Argentina se encuentran las 15 Universidades que dictan la carrera (al 2019) y las ubicaciones de las sedes donde se cursa la carrera.<\/p>\n<p>\u00bfPor qu\u00e9 Facebook? la intenci\u00f3n es que los futuros interesados en estudiar Agrimensura o simples curiosos de la carrera (en su mayor\u00eda adolescentes) ingresen al link y puedan apreciar las diferentes actividades que se hacen a lo largo y ancho del pa\u00eds fomentando la carrera y la camarader\u00eda.<\/p>\n<p>P\u00e1ginas de Facebook oficiales de CoNaPEA:<\/p>\n<ul>\n<li>Teodoro Schuster\u00a0<a href=\"https:\/\/www.facebook.com\/personaconapea\" data-saferedirecturl=\"https:\/\/www.google.com\/url?q=https:\/\/www.facebook.com\/personaconapea&amp;source=gmail&amp;ust=1537898309378000&amp;usg=AFQjCNEx8TPSuLRXtXEnQCAnkgh6iZco6g\">https:\/\/www.facebook.com\/personaconapea<\/a><\/li>\n<li>Difund\u00ed Agrimensura\u00a0<a href=\"https:\/\/www.facebook.com\/difundiagrimensura\" data-saferedirecturl=\"https:\/\/www.google.com\/url?q=https:\/\/www.facebook.com\/difundiagrimensura\/&amp;source=gmail&amp;ust=1537898309378000&amp;usg=AFQjCNG2PrsjUScEOSt6atZMOTKaJnA22g\">https:\/\/www.facebook.com\/difundiagrimensura\/<\/a><\/li>\n<li>Conapea (P\u00e1gina Oficial)\u00a0<a href=\"https:\/\/www.facebook.com\/paginaconapea\/\" data-saferedirecturl=\"https:\/\/www.google.com\/url?q=https:\/\/www.facebook.com\/paginaconapea\/&amp;source=gmail&amp;ust=1537898309378000&amp;usg=AFQjCNE7CCSEmHQosVRYaDrAB7pjpNGT0Q\">https:\/\/www.facebook.com\/paginaconapea\/<\/a><\/li>\n<\/ul>\n\n\n<figure class=\"wp-block-image size-large\"><img fetchpriority=\"high\" decoding=\"async\" width=\"898\" height=\"787\" src=\"https:\/\/www.cpajn.org.ar\/web\/wp-content\/uploads\/2019\/12\/MAPA-UNIVERSIDADES.jpg\" alt=\"\" class=\"wp-image-1231\" srcset=\"https:\/\/www.cpajn.org.ar\/web\/wp-content\/uploads\/2019\/12\/MAPA-UNIVERSIDADES.jpg 898w, https:\/\/www.cpajn.org.ar\/web\/wp-content\/uploads\/2019\/12\/MAPA-UNIVERSIDADES-300x263.jpg 300w, https:\/\/www.cpajn.org.ar\/web\/wp-content\/uploads\/2019\/12\/MAPA-UNIVERSIDADES-768x673.jpg 768w\" sizes=\"(max-width: 898px) 100vw, 898px\" \/><\/figure>\n\n\n\n<p> M\u00e1s informaci\u00f3n aqu\u00ed: <a href=\"https:\/\/www.conapea.com.ar\/\">http:\/\/www.conapea.com.ar<\/a><\/p>\n\n\n\n<figure class=\"wp-block-image size-large\"><img decoding=\"async\" width=\"1024\" height=\"766\" src=\"https:\/\/www.cpajn.org.ar\/web\/wp-content\/uploads\/2018\/09\/Mapa-al-17.07.18-bicontinental-1024x766.png\" alt=\"\" class=\"wp-image-349\" srcset=\"https:\/\/www.cpajn.org.ar\/web\/wp-content\/uploads\/2018\/09\/Mapa-al-17.07.18-bicontinental-1024x766.png 1024w, https:\/\/www.cpajn.org.ar\/web\/wp-content\/uploads\/2018\/09\/Mapa-al-17.07.18-bicontinental-300x224.png 300w, https:\/\/www.cpajn.org.ar\/web\/wp-content\/uploads\/2018\/09\/Mapa-al-17.07.18-bicontinental-768x575.png 768w, https:\/\/www.cpajn.org.ar\/web\/wp-content\/uploads\/2018\/09\/Mapa-al-17.07.18-bicontinental.png 1442w\" sizes=\"(max-width: 1024px) 100vw, 1024px\" \/><\/figure>\n","protected":false},"excerpt":{"rendered":"<p>CoNaPEA ha recopilado toda la informaci\u00f3n pertinente a las Escuelas de Agrimensura. En las siguientes im\u00e1genes representativas de la Argentina se encuentran las 15 Universidades que dictan la carrera (al 2019) y las ubicaciones de las sedes donde se cursa la carrera. \u00bfPor qu\u00e9 Facebook? la intenci\u00f3n es que los<a class=\"moretag\" href=\"https:\/\/www.cpajn.org.ar\/web\/donde-estudiar\/\"> Leer m\u00e1s<\/a><\/p>\n","protected":false},"author":1,"featured_media":0,"parent":0,"menu_order":0,"comment_status":"closed","ping_status":"closed","template":"","meta":{"footnotes":""},"class_list":["post-348","page","type-page","status-publish","hentry"],"_links":{"self":[{"href":"https:\/\/www.cpajn.org.ar\/web\/wp-json\/wp\/v2\/pages\/348","targetHints":{"allow":["GET"]}}],"collection":[{"href":"https:\/\/www.cpajn.org.ar\/web\/wp-json\/wp\/v2\/pages"}],"about":[{"href":"https:\/\/www.cpajn.org.ar\/web\/wp-json\/wp\/v2\/types\/page"}],"author":[{"embeddable":true,"href":"https:\/\/www.cpajn.org.ar\/web\/wp-json\/wp\/v2\/users\/1"}],"replies":[{"embeddable":true,"href":"https:\/\/www.cpajn.org.ar\/web\/wp-json\/wp\/v2\/comments?post=348"}],"version-history":[{"count":8,"href":"https:\/\/www.cpajn.org.ar\/web\/wp-json\/wp\/v2\/pages\/348\/revisions"}],"predecessor-version":[{"id":1294,"href":"https:\/\/www.cpajn.org.ar\/web\/wp-json\/wp\/v2\/pages\/348\/revisions\/1294"}],"wp:attachment":[{"href":"https:\/\/www.cpajn.org.ar\/web\/wp-json\/wp\/v2\/media?parent=348"}],"curies":[{"name":"wp","href":"https:\/\/api.w.org\/{rel}","templated":true}]}}