{"id":70,"date":"2017-10-20T19:32:08","date_gmt":"2017-10-20T22:32:08","guid":{"rendered":"http:\/\/localhost\/cpa\/wordpress\/?page_id=70"},"modified":"2018-09-03T14:29:52","modified_gmt":"2018-09-03T17:29:52","slug":"que-es-el-cpa-jn-caba","status":"publish","type":"page","link":"https:\/\/www.cpajn.org.ar\/web\/que-es-el-cpa-jn-caba\/","title":{"rendered":"\u00bfQu\u00e9 es el CPA JN CABA?"},"content":{"rendered":"<p>El 18 de agosto de 1944, se dicta el Decreto 21.803\/44, por el cual se constituye el <strong>Consejo Profesional de Agrimensura<\/strong>. Posteriormente, se dicta el Decreto-Ley 6.070\/58 que es el que rige actualmente el ejercicio profesional de la Agrimensura en Jurisdicci\u00f3n Nacional y Ciudad Aut\u00f3noma de Buenos Aires.<\/p>\n<p>Las <strong>atribuciones<\/strong> m\u00e1s importantes que posee el Consejo, son:<\/p>\n<ul>\n<li>Velar por el cumplimiento de la ley.<\/li>\n<li>Organizar y llevar las matr\u00edculas.<\/li>\n<li>Estudiar el alcance de los t\u00edtulos.<\/li>\n<li>Emitir dict\u00e1menes sobre ejercicio profesional y la aplicaci\u00f3n del arancel.<\/li>\n<li>Actuar como \u00e1rbitro o amigable componedor a pedido de parte, en cuestiones relativas al arancel.<\/li>\n<\/ul>\n<p>El Decreto-Ley 6.070\/58 establece el acatamiento a sus disposiciones cuando el ejercicio profesional se realice &#8220;en jurisdicci\u00f3n nacional o ante autoridades o tribunales nacionales&#8221;. En el aspecto geogr\u00e1fico, dicha jurisdicci\u00f3n comprende la Capital Federal y la Provincia de Tierra del Fuego, Ant\u00e1rtida e Islas del Atl\u00e1ntico Sur. En el \u00e1mbito institucional, su jurisdicci\u00f3n abarca tambi\u00e9n las actividades profesionales independientes que exijan presentaciones o aprobaciones de entes nacionales o tribunales federales, ubicados en territorios provinciales.<\/p>\n<p>De igual modo, quedar\u00e1n tambi\u00e9n bajo jurisdicci\u00f3n nacional los profesionales que desempe\u00f1an tareas en relaci\u00f3n de dependencia en reparticiones p\u00fablicas y empresas del Estado con sede en la Capital Federal o sede f\u00edsica en territorio provincial.<\/p>\n<p>Todo profesional que ejerza la Agrimensura en alguna de las situaciones a las que se refiere el punto precedente, o act\u00fae en relaci\u00f3n de dependencia del Estado, o de la Municipalidad de Buenos Aires, o de cualquiera de las empresas o entes total o parcialmente de propiedad del Estado, est\u00e1 obligado a <strong>matricularse<\/strong> en el Consejo Profesional de Agrimensura JN CABA.<\/p>\n","protected":false},"excerpt":{"rendered":"<p>El 18 de agosto de 1944, se dicta el Decreto 21.803\/44, por el cual se constituye el Consejo Profesional de Agrimensura. Posteriormente, se dicta el Decreto-Ley 6.070\/58 que es el que rige actualmente el ejercicio profesional de la Agrimensura en Jurisdicci\u00f3n Nacional y Ciudad Aut\u00f3noma de Buenos Aires. Las atribuciones<a class=\"moretag\" href=\"https:\/\/www.cpajn.org.ar\/web\/que-es-el-cpa-jn-caba\/\"> Leer m\u00e1s<\/a><\/p>\n","protected":false},"author":1,"featured_media":33,"parent":0,"menu_order":20,"comment_status":"closed","ping_status":"closed","template":"","meta":{"footnotes":""},"class_list":["post-70","page","type-page","status-publish","has-post-thumbnail","hentry"],"_links":{"self":[{"href":"https:\/\/www.cpajn.org.ar\/web\/wp-json\/wp\/v2\/pages\/70","targetHints":{"allow":["GET"]}}],"collection":[{"href":"https:\/\/www.cpajn.org.ar\/web\/wp-json\/wp\/v2\/pages"}],"about":[{"href":"https:\/\/www.cpajn.org.ar\/web\/wp-json\/wp\/v2\/types\/page"}],"author":[{"embeddable":true,"href":"https:\/\/www.cpajn.org.ar\/web\/wp-json\/wp\/v2\/users\/1"}],"replies":[{"embeddable":true,"href":"https:\/\/www.cpajn.org.ar\/web\/wp-json\/wp\/v2\/comments?post=70"}],"version-history":[{"count":1,"href":"https:\/\/www.cpajn.org.ar\/web\/wp-json\/wp\/v2\/pages\/70\/revisions"}],"predecessor-version":[{"id":71,"href":"https:\/\/www.cpajn.org.ar\/web\/wp-json\/wp\/v2\/pages\/70\/revisions\/71"}],"wp:featuredmedia":[{"embeddable":true,"href":"https:\/\/www.cpajn.org.ar\/web\/wp-json\/wp\/v2\/media\/33"}],"wp:attachment":[{"href":"https:\/\/www.cpajn.org.ar\/web\/wp-json\/wp\/v2\/media?parent=70"}],"curies":[{"name":"wp","href":"https:\/\/api.w.org\/{rel}","templated":true}]}}