{"id":81,"date":"2017-10-20T19:44:14","date_gmt":"2017-10-20T22:44:14","guid":{"rendered":"http:\/\/localhost\/cpa\/wordpress\/?page_id=81"},"modified":"2022-12-15T11:38:05","modified_gmt":"2022-12-15T14:38:05","slug":"ejercicio-profesional","status":"publish","type":"page","link":"https:\/\/www.cpajn.org.ar\/web\/ejercicio-profesional\/","title":{"rendered":"Ejercicio Profesional"},"content":{"rendered":"\n<div class=\"wp-block-group is-layout-flow wp-block-group-is-layout-flow\"><div class=\"wp-block-group__inner-container\"><\/div><\/div>\n\n\n\n<p><\/p>\n\n\n\n<div class=\"wp-block-group is-layout-flow wp-block-group-is-layout-flow\"><div class=\"wp-block-group__inner-container\"><\/div><\/div>\n\n\n<table width=\"592\" height=\"376\">\n<tbody>\n<tr>\n<td width=\"80\"><a href=\"https:\/\/www.cpajn.org.ar\/web\/articulo.php?catId=2&amp;subcatId=54&amp;prodId=56\">Ley de Creaci\u00f3n 13.895 &#8211; Reglamentaci\u00f3n del ejercicio de las profesiones de Agrimensor, Arquitecto e Ingeniero en jurisdicci\u00f3n nacional.<\/a><\/td>\n<\/tr>\n<tr>\n<td><a href=\"https:\/\/www.cpajn.org.ar\/web\/wp-content\/uploads\/2021\/03\/02_02_Decreto-Ley-6070_58.pdf\">Decreto-Ley N\u00b0 6.070<\/a><\/td>\n<\/tr>\n<tr>\n<td><a href=\"https:\/\/www.cpajn.org.ar\/web\/wp-content\/uploads\/2021\/12\/Codigo_de_Etica_Profesional.pdf\">C\u00f3digo de Etica Profesional<\/a><\/td>\n<\/tr>\n<tr>\n<td><a href=\"https:\/\/www.cpajn.org.ar\/web\/wp-content\/uploads\/2021\/12\/Decreto_2148_Tecnicos.pdf\">Decreto N\u00b0 2.148\/84 &#8211; Incorporaci\u00f3n de los t\u00e9cnicos a los distintos consejos profesionales<\/a><\/td>\n<\/tr>\n<tr>\n<td><a href=\"https:\/\/www.cpajn.org.ar\/web\/wp-content\/uploads\/2021\/12\/Reglamento_Interno_2008.pdf\">Reglamento Interno del Consejo Profesional de Agrimensura<\/a><\/td>\n<\/tr>\n<tr>\n<td><a href=\"https:\/\/www.cpajn.org.ar\/web\/wp-content\/uploads\/2021\/12\/01_01_Incumbencias-Profesionales-Agrimensor.pdf\">Incumbencias profesionales del Agrimensor\/Ingeniero Agrimensor<\/a>\u00a0<\/td>\n<\/tr>\n<tr>\n<td><a href=\"https:\/\/www.cpajn.org.ar\/web\/wp-content\/uploads\/2021\/12\/01_02_Incumbencias-Profesionales-Ingeniero-Geodesta.pdf\">Incumbencias profesionales del t\u00edtulo de Ingeniero Geodesta-Geof\u00edsico\u00a0<\/a><\/td>\n<\/tr>\n<tr>\n<td><a href=\"https:\/\/www.cpajn.org.ar\/web\/wp-content\/uploads\/2021\/12\/01_03_Incumbencias-ProfesionalesTecnico-Geografo-Matematico.pdf\">Incumbencias profesionales del t\u00edtulo de T\u00e9cnico Ge\u00f3grafo Matem\u00e1tico<\/a><\/td>\n<\/tr>\n<\/tbody>\n<\/table>\n<p><!--EndFragment--><\/p>\n\n\n<p><\/p>\n","protected":false},"excerpt":{"rendered":"<p>Ley de Creaci\u00f3n 13.895 &#8211; Reglamentaci\u00f3n del ejercicio de las profesiones de Agrimensor, Arquitecto e Ingeniero en jurisdicci\u00f3n nacional. Decreto-Ley N\u00b0 6.070 C\u00f3digo de Etica Profesional Decreto N\u00b0 2.148\/84 &#8211; Incorporaci\u00f3n de los t\u00e9cnicos a los distintos consejos profesionales Reglamento Interno del Consejo Profesional de Agrimensura Incumbencias profesionales del Agrimensor\/Ingeniero<a class=\"moretag\" href=\"https:\/\/www.cpajn.org.ar\/web\/ejercicio-profesional\/\"> Leer m\u00e1s<\/a><\/p>\n","protected":false},"author":1,"featured_media":33,"parent":0,"menu_order":10,"comment_status":"closed","ping_status":"closed","template":"","meta":{"footnotes":""},"class_list":["post-81","page","type-page","status-publish","has-post-thumbnail","hentry"],"_links":{"self":[{"href":"https:\/\/www.cpajn.org.ar\/web\/wp-json\/wp\/v2\/pages\/81","targetHints":{"allow":["GET"]}}],"collection":[{"href":"https:\/\/www.cpajn.org.ar\/web\/wp-json\/wp\/v2\/pages"}],"about":[{"href":"https:\/\/www.cpajn.org.ar\/web\/wp-json\/wp\/v2\/types\/page"}],"author":[{"embeddable":true,"href":"https:\/\/www.cpajn.org.ar\/web\/wp-json\/wp\/v2\/users\/1"}],"replies":[{"embeddable":true,"href":"https:\/\/www.cpajn.org.ar\/web\/wp-json\/wp\/v2\/comments?post=81"}],"version-history":[{"count":16,"href":"https:\/\/www.cpajn.org.ar\/web\/wp-json\/wp\/v2\/pages\/81\/revisions"}],"predecessor-version":[{"id":1851,"href":"https:\/\/www.cpajn.org.ar\/web\/wp-json\/wp\/v2\/pages\/81\/revisions\/1851"}],"wp:featuredmedia":[{"embeddable":true,"href":"https:\/\/www.cpajn.org.ar\/web\/wp-json\/wp\/v2\/media\/33"}],"wp:attachment":[{"href":"https:\/\/www.cpajn.org.ar\/web\/wp-json\/wp\/v2\/media?parent=81"}],"curies":[{"name":"wp","href":"https:\/\/api.w.org\/{rel}","templated":true}]}}