{"id":9,"date":"2020-05-09T14:55:00","date_gmt":"2020-05-09T17:55:00","guid":{"rendered":"http:\/\/localhost\/cpa\/wordpress\/?page_id=9"},"modified":"2022-08-02T10:57:15","modified_gmt":"2022-08-02T13:57:15","slug":"contacto","status":"publish","type":"page","link":"https:\/\/www.cpajn.org.ar\/web\/contacto\/","title":{"rendered":"Contacto"},"content":{"rendered":"<p><strong><span>Atenci\u00f3n telef\u00f3nica: 4343-0675 o 4343-0691<\/span><\/strong><strong><\/strong><\/p>\n<hr \/>\n<p><strong>Correo electr\u00f3nico: <\/strong><a href=\"mailto:cpajn@cpajn.org.ar\">cpajn@cpajn.org.ar<\/a><strong><br \/><\/strong><\/p>\n\n\n<p><\/p>\n","protected":false},"excerpt":{"rendered":"<p>Atenci\u00f3n telef\u00f3nica: 4343-0675 o 4343-0691 Correo electr\u00f3nico: cpajn@cpajn.org.ar<\/p>\n","protected":false},"author":1,"featured_media":47,"parent":0,"menu_order":0,"comment_status":"closed","ping_status":"closed","template":"","meta":{"footnotes":""},"class_list":["post-9","page","type-page","status-publish","has-post-thumbnail","hentry"],"_links":{"self":[{"href":"https:\/\/www.cpajn.org.ar\/web\/wp-json\/wp\/v2\/pages\/9","targetHints":{"allow":["GET"]}}],"collection":[{"href":"https:\/\/www.cpajn.org.ar\/web\/wp-json\/wp\/v2\/pages"}],"about":[{"href":"https:\/\/www.cpajn.org.ar\/web\/wp-json\/wp\/v2\/types\/page"}],"author":[{"embeddable":true,"href":"https:\/\/www.cpajn.org.ar\/web\/wp-json\/wp\/v2\/users\/1"}],"replies":[{"embeddable":true,"href":"https:\/\/www.cpajn.org.ar\/web\/wp-json\/wp\/v2\/comments?post=9"}],"version-history":[{"count":9,"href":"https:\/\/www.cpajn.org.ar\/web\/wp-json\/wp\/v2\/pages\/9\/revisions"}],"predecessor-version":[{"id":1691,"href":"https:\/\/www.cpajn.org.ar\/web\/wp-json\/wp\/v2\/pages\/9\/revisions\/1691"}],"wp:featuredmedia":[{"embeddable":true,"href":"https:\/\/www.cpajn.org.ar\/web\/wp-json\/wp\/v2\/media\/47"}],"wp:attachment":[{"href":"https:\/\/www.cpajn.org.ar\/web\/wp-json\/wp\/v2\/media?parent=9"}],"curies":[{"name":"wp","href":"https:\/\/api.w.org\/{rel}","templated":true}]}}